{"id":20,"date":"2021-02-01T17:03:26","date_gmt":"2021-02-01T16:03:26","guid":{"rendered":"http:\/\/post54.de\/?page_id=20"},"modified":"2021-02-02T08:25:49","modified_gmt":"2021-02-02T07:25:49","slug":"ueber-uns","status":"publish","type":"page","link":"http:\/\/post54.de\/","title":{"rendered":"Was wir tun"},"content":{"rendered":"<p><img loading=\"lazy\" decoding=\"async\" src=\"http:\/\/post54.de\/wp-content\/uploads\/2021\/02\/cropped-garage-1024x614.jpg\" sizes=\"auto, (max-width: 1024px) 100vw, 1024px\" srcset=\"http:\/\/post54.de\/wp-content\/uploads\/2021\/02\/cropped-garage-1024x614.jpg 1024w, http:\/\/post54.de\/wp-content\/uploads\/2021\/02\/cropped-garage-300x180.jpg 300w, http:\/\/post54.de\/wp-content\/uploads\/2021\/02\/cropped-garage-768x460.jpg 768w, http:\/\/post54.de\/wp-content\/uploads\/2021\/02\/cropped-garage-1536x921.jpg 1536w, http:\/\/post54.de\/wp-content\/uploads\/2021\/02\/cropped-garage.jpg 2000w\" alt=\"\" width=\"1024\" height=\"614\"><\/p>\n<p>Wir sind eine wilde Mischung verschiedener Charaktere mit vielf\u00e4ltigen Interessen und freuen uns, wenn wir \u00fcber diese Seite Mitdenker und Mitstreiter f\u00fcr unsere Themen finden.<\/p>\n\n\n<h2 class=\"wp-block-heading\">Lasten- und Spezialfahrr\u00e4der<\/h2>\n\n\n\n<div class=\"wp-block-image is-style-default\"><figure class=\"alignleft size-medium\"><img loading=\"lazy\" decoding=\"async\" width=\"225\" height=\"300\" src=\"http:\/\/post54.de\/wp-content\/uploads\/2021\/02\/lastenrad-225x300.jpg\" alt=\"\" class=\"wp-image-71\" title=\"XYZ Cargo Lastenrad\" srcset=\"http:\/\/post54.de\/wp-content\/uploads\/2021\/02\/lastenrad-225x300.jpg 225w, http:\/\/post54.de\/wp-content\/uploads\/2021\/02\/lastenrad.jpg 677w\" sizes=\"auto, (max-width: 225px) 100vw, 225px\" \/><\/figure><\/div>\n\n\n\n<p>Unser XYZ Cargo Lastenrad ist ein Selbstbausatz und hat uns schon durch viele Abenteuer begleitet. Die elektrische Unterst\u00fctzung hilft, auch schwere Lasten voran zu bringen. <\/p>\n\n\n\n<div class=\"wp-block-image\"><figure class=\"alignright size-medium\"><img loading=\"lazy\" decoding=\"async\" width=\"300\" height=\"225\" src=\"http:\/\/post54.de\/wp-content\/uploads\/2021\/02\/kettwieseltridem-300x225.jpg\" alt=\"\" class=\"wp-image-72\" title=\"Fahrradzug Hase Kettwiesel\" srcset=\"http:\/\/post54.de\/wp-content\/uploads\/2021\/02\/kettwieseltridem-300x225.jpg 300w, http:\/\/post54.de\/wp-content\/uploads\/2021\/02\/kettwieseltridem-1024x767.jpg 1024w, http:\/\/post54.de\/wp-content\/uploads\/2021\/02\/kettwieseltridem-768x576.jpg 768w, http:\/\/post54.de\/wp-content\/uploads\/2021\/02\/kettwieseltridem.jpg 1205w\" sizes=\"auto, (max-width: 300px) 100vw, 300px\" \/><\/figure><\/div>\n\n\n\n<p>Wir sind sehr gern mit unserem Tandem unterwegs. Vielleicht habt ihr uns schon mal gesehen. Zu zweit oder dritt hintereinander genie\u00dfen wir unsere Trikes der Marke Hase. <\/p>\n\n\n\n<p>Unseren J\u00fcngsten nehmen wir gern im H\u00e4nger mit. Die Kupplung zum Ziehen des H\u00e4ngers haben wir selbst gebaut. Damit erkunden wir neue Gegenden.<\/p>\n\n\n\n<figure class=\"wp-block-image size-large\"><img loading=\"lazy\" decoding=\"async\" width=\"1024\" height=\"332\" src=\"http:\/\/post54.de\/wp-content\/uploads\/2021\/02\/lausitz.jpg\" alt=\"\" class=\"wp-image-116\" srcset=\"http:\/\/post54.de\/wp-content\/uploads\/2021\/02\/lausitz.jpg 1024w, http:\/\/post54.de\/wp-content\/uploads\/2021\/02\/lausitz-300x97.jpg 300w, http:\/\/post54.de\/wp-content\/uploads\/2021\/02\/lausitz-768x249.jpg 768w\" sizes=\"auto, (max-width: 1024px) 100vw, 1024px\" \/><\/figure>\n\n\n\n<p>Auch auf verschiedenen Fahrradveranstaltungen sind wir zu Gast, z.B. beim SZ Fahrradfest oder dem Lausitzer Seenland 100.<\/p>\n\n\n\n<figure class=\"wp-block-image size-large\"><img loading=\"lazy\" decoding=\"async\" width=\"1024\" height=\"768\" src=\"http:\/\/post54.de\/wp-content\/uploads\/2021\/02\/seenland-1024x768.jpg\" alt=\"\" class=\"wp-image-117\" srcset=\"http:\/\/post54.de\/wp-content\/uploads\/2021\/02\/seenland-1024x768.jpg 1024w, http:\/\/post54.de\/wp-content\/uploads\/2021\/02\/seenland-300x225.jpg 300w, http:\/\/post54.de\/wp-content\/uploads\/2021\/02\/seenland-768x576.jpg 768w, http:\/\/post54.de\/wp-content\/uploads\/2021\/02\/seenland.jpg 1204w\" sizes=\"auto, (max-width: 1024px) 100vw, 1024px\" \/><\/figure>\n\n\n\n<h2 class=\"wp-block-heading\">N\u00e4hen<\/h2>\n\n\n\n<p>Egal ob (Kinder-)Kleidung, Taschen oder Patchwork, n\u00e4hen ist spannend und entspannend zugleich und macht richtig Spa\u00df.<\/p>\n\n\n\n<figure class=\"wp-block-gallery columns-3 is-cropped wp-block-gallery-1 is-layout-flex wp-block-gallery-is-layout-flex\"><ul class=\"blocks-gallery-grid\"><li class=\"blocks-gallery-item\"><figure><img loading=\"lazy\" decoding=\"async\" width=\"532\" height=\"800\" src=\"http:\/\/post54.de\/wp-content\/uploads\/2021\/02\/01.jpg\" alt=\"\" data-id=\"89\" data-link=\"http:\/\/post54.de\/?attachment_id=89#main\" class=\"wp-image-89\" srcset=\"http:\/\/post54.de\/wp-content\/uploads\/2021\/02\/01.jpg 532w, http:\/\/post54.de\/wp-content\/uploads\/2021\/02\/01-200x300.jpg 200w\" sizes=\"auto, (max-width: 532px) 100vw, 532px\" \/><\/figure><\/li><li class=\"blocks-gallery-item\"><figure><img loading=\"lazy\" decoding=\"async\" width=\"990\" height=\"800\" src=\"http:\/\/post54.de\/wp-content\/uploads\/2021\/02\/011.jpg\" alt=\"\" data-id=\"90\" data-link=\"http:\/\/post54.de\/?attachment_id=90#main\" class=\"wp-image-90\" srcset=\"http:\/\/post54.de\/wp-content\/uploads\/2021\/02\/011.jpg 990w, http:\/\/post54.de\/wp-content\/uploads\/2021\/02\/011-300x242.jpg 300w, http:\/\/post54.de\/wp-content\/uploads\/2021\/02\/011-768x621.jpg 768w\" sizes=\"auto, (max-width: 990px) 100vw, 990px\" \/><\/figure><\/li><li class=\"blocks-gallery-item\"><figure><img loading=\"lazy\" decoding=\"async\" width=\"751\" height=\"610\" src=\"http:\/\/post54.de\/wp-content\/uploads\/2021\/02\/2017_01_Diamond_Square_Quilt_Top.png\" alt=\"\" data-id=\"91\" data-link=\"http:\/\/post54.de\/?attachment_id=91#main\" class=\"wp-image-91\" srcset=\"http:\/\/post54.de\/wp-content\/uploads\/2021\/02\/2017_01_Diamond_Square_Quilt_Top.png 751w, http:\/\/post54.de\/wp-content\/uploads\/2021\/02\/2017_01_Diamond_Square_Quilt_Top-300x244.png 300w\" sizes=\"auto, (max-width: 751px) 100vw, 751px\" \/><\/figure><\/li><li class=\"blocks-gallery-item\"><figure><img loading=\"lazy\" decoding=\"async\" width=\"480\" height=\"480\" src=\"http:\/\/post54.de\/wp-content\/uploads\/2021\/02\/gruen.jpg\" alt=\"\" data-id=\"92\" data-link=\"http:\/\/post54.de\/?attachment_id=92#main\" class=\"wp-image-92\" srcset=\"http:\/\/post54.de\/wp-content\/uploads\/2021\/02\/gruen.jpg 480w, http:\/\/post54.de\/wp-content\/uploads\/2021\/02\/gruen-300x300.jpg 300w, http:\/\/post54.de\/wp-content\/uploads\/2021\/02\/gruen-150x150.jpg 150w\" sizes=\"auto, (max-width: 480px) 100vw, 480px\" \/><\/figure><\/li><li class=\"blocks-gallery-item\"><figure><img loading=\"lazy\" decoding=\"async\" width=\"800\" height=\"521\" src=\"http:\/\/post54.de\/wp-content\/uploads\/2021\/02\/kissen0104.jpg\" alt=\"\" data-id=\"93\" data-link=\"http:\/\/post54.de\/?attachment_id=93#main\" class=\"wp-image-93\" srcset=\"http:\/\/post54.de\/wp-content\/uploads\/2021\/02\/kissen0104.jpg 800w, http:\/\/post54.de\/wp-content\/uploads\/2021\/02\/kissen0104-300x195.jpg 300w, http:\/\/post54.de\/wp-content\/uploads\/2021\/02\/kissen0104-768x500.jpg 768w\" sizes=\"auto, (max-width: 800px) 100vw, 800px\" \/><\/figure><\/li><li class=\"blocks-gallery-item\"><figure><img loading=\"lazy\" decoding=\"async\" width=\"800\" height=\"455\" src=\"http:\/\/post54.de\/wp-content\/uploads\/2021\/02\/kissen0203.jpg\" alt=\"\" data-id=\"94\" data-link=\"http:\/\/post54.de\/?attachment_id=94#main\" class=\"wp-image-94\" srcset=\"http:\/\/post54.de\/wp-content\/uploads\/2021\/02\/kissen0203.jpg 800w, http:\/\/post54.de\/wp-content\/uploads\/2021\/02\/kissen0203-300x171.jpg 300w, http:\/\/post54.de\/wp-content\/uploads\/2021\/02\/kissen0203-768x437.jpg 768w\" sizes=\"auto, (max-width: 800px) 100vw, 800px\" \/><\/figure><\/li><li class=\"blocks-gallery-item\"><figure><img loading=\"lazy\" decoding=\"async\" width=\"751\" height=\"750\" src=\"http:\/\/post54.de\/wp-content\/uploads\/2021\/02\/2016_07_Wickie_Shirt_110.png\" alt=\"\" data-id=\"96\" data-link=\"http:\/\/post54.de\/?attachment_id=96#main\" class=\"wp-image-96\" srcset=\"http:\/\/post54.de\/wp-content\/uploads\/2021\/02\/2016_07_Wickie_Shirt_110.png 751w, http:\/\/post54.de\/wp-content\/uploads\/2021\/02\/2016_07_Wickie_Shirt_110-300x300.png 300w, http:\/\/post54.de\/wp-content\/uploads\/2021\/02\/2016_07_Wickie_Shirt_110-150x150.png 150w\" sizes=\"auto, (max-width: 751px) 100vw, 751px\" \/><\/figure><\/li><li class=\"blocks-gallery-item\"><figure><img loading=\"lazy\" decoding=\"async\" width=\"600\" height=\"749\" src=\"http:\/\/post54.de\/wp-content\/uploads\/2021\/02\/2017_02_Morgenmantel.png\" alt=\"\" data-id=\"97\" data-link=\"http:\/\/post54.de\/?attachment_id=97#main\" class=\"wp-image-97\" srcset=\"http:\/\/post54.de\/wp-content\/uploads\/2021\/02\/2017_02_Morgenmantel.png 600w, http:\/\/post54.de\/wp-content\/uploads\/2021\/02\/2017_02_Morgenmantel-240x300.png 240w\" sizes=\"auto, (max-width: 600px) 100vw, 600px\" \/><\/figure><\/li><li class=\"blocks-gallery-item\"><figure><img loading=\"lazy\" decoding=\"async\" width=\"750\" height=\"750\" src=\"http:\/\/post54.de\/wp-content\/uploads\/2021\/02\/2019_01_01_Babyset_86.png\" alt=\"\" data-id=\"98\" data-link=\"http:\/\/post54.de\/?attachment_id=98#main\" class=\"wp-image-98\" srcset=\"http:\/\/post54.de\/wp-content\/uploads\/2021\/02\/2019_01_01_Babyset_86.png 750w, http:\/\/post54.de\/wp-content\/uploads\/2021\/02\/2019_01_01_Babyset_86-300x300.png 300w, http:\/\/post54.de\/wp-content\/uploads\/2021\/02\/2019_01_01_Babyset_86-150x150.png 150w\" sizes=\"auto, (max-width: 750px) 100vw, 750px\" \/><\/figure><\/li><li class=\"blocks-gallery-item\"><figure><img loading=\"lazy\" decoding=\"async\" width=\"749\" height=\"748\" src=\"http:\/\/post54.de\/wp-content\/uploads\/2021\/02\/2019_01_01_Checkerhose_62.png\" alt=\"\" data-id=\"99\" data-link=\"http:\/\/post54.de\/?attachment_id=99#main\" class=\"wp-image-99\" srcset=\"http:\/\/post54.de\/wp-content\/uploads\/2021\/02\/2019_01_01_Checkerhose_62.png 749w, http:\/\/post54.de\/wp-content\/uploads\/2021\/02\/2019_01_01_Checkerhose_62-300x300.png 300w, http:\/\/post54.de\/wp-content\/uploads\/2021\/02\/2019_01_01_Checkerhose_62-150x150.png 150w\" sizes=\"auto, (max-width: 749px) 100vw, 749px\" \/><\/figure><\/li><li class=\"blocks-gallery-item\"><figure><img loading=\"lazy\" decoding=\"async\" width=\"600\" height=\"751\" src=\"http:\/\/post54.de\/wp-content\/uploads\/2021\/02\/2019_01_01_Outdooranzug_68.png\" alt=\"\" data-id=\"100\" data-link=\"http:\/\/post54.de\/?attachment_id=100#main\" class=\"wp-image-100\" srcset=\"http:\/\/post54.de\/wp-content\/uploads\/2021\/02\/2019_01_01_Outdooranzug_68.png 600w, http:\/\/post54.de\/wp-content\/uploads\/2021\/02\/2019_01_01_Outdooranzug_68-240x300.png 240w\" sizes=\"auto, (max-width: 600px) 100vw, 600px\" \/><\/figure><\/li><li class=\"blocks-gallery-item\"><figure><img loading=\"lazy\" decoding=\"async\" width=\"711\" height=\"557\" src=\"http:\/\/post54.de\/wp-content\/uploads\/2021\/02\/2019_01_08_Schmales_Shirt_62.png\" alt=\"\" data-id=\"101\" data-link=\"http:\/\/post54.de\/?attachment_id=101#main\" class=\"wp-image-101\" srcset=\"http:\/\/post54.de\/wp-content\/uploads\/2021\/02\/2019_01_08_Schmales_Shirt_62.png 711w, http:\/\/post54.de\/wp-content\/uploads\/2021\/02\/2019_01_08_Schmales_Shirt_62-300x235.png 300w\" sizes=\"auto, (max-width: 711px) 100vw, 711px\" \/><\/figure><\/li><li class=\"blocks-gallery-item\"><figure><img loading=\"lazy\" decoding=\"async\" width=\"750\" height=\"748\" src=\"http:\/\/post54.de\/wp-content\/uploads\/2021\/02\/2019_01_12_Raglanbody_68.png\" alt=\"\" data-id=\"102\" data-link=\"http:\/\/post54.de\/?attachment_id=102#main\" class=\"wp-image-102\" srcset=\"http:\/\/post54.de\/wp-content\/uploads\/2021\/02\/2019_01_12_Raglanbody_68.png 750w, http:\/\/post54.de\/wp-content\/uploads\/2021\/02\/2019_01_12_Raglanbody_68-300x300.png 300w, http:\/\/post54.de\/wp-content\/uploads\/2021\/02\/2019_01_12_Raglanbody_68-150x150.png 150w\" sizes=\"auto, (max-width: 750px) 100vw, 750px\" \/><\/figure><\/li><li class=\"blocks-gallery-item\"><figure><img loading=\"lazy\" decoding=\"async\" width=\"750\" height=\"749\" src=\"http:\/\/post54.de\/wp-content\/uploads\/2021\/02\/2019_01_16_Raglanbody_68.png\" alt=\"\" data-id=\"103\" data-link=\"http:\/\/post54.de\/?attachment_id=103#main\" class=\"wp-image-103\" srcset=\"http:\/\/post54.de\/wp-content\/uploads\/2021\/02\/2019_01_16_Raglanbody_68.png 750w, http:\/\/post54.de\/wp-content\/uploads\/2021\/02\/2019_01_16_Raglanbody_68-300x300.png 300w, http:\/\/post54.de\/wp-content\/uploads\/2021\/02\/2019_01_16_Raglanbody_68-150x150.png 150w\" sizes=\"auto, (max-width: 750px) 100vw, 750px\" \/><\/figure><\/li><li class=\"blocks-gallery-item\"><figure><img loading=\"lazy\" decoding=\"async\" width=\"749\" height=\"748\" src=\"http:\/\/post54.de\/wp-content\/uploads\/2021\/02\/2019_01_18_Schmales_Shirt_68.png\" alt=\"\" data-id=\"104\" data-link=\"http:\/\/post54.de\/?attachment_id=104#main\" class=\"wp-image-104\" srcset=\"http:\/\/post54.de\/wp-content\/uploads\/2021\/02\/2019_01_18_Schmales_Shirt_68.png 749w, http:\/\/post54.de\/wp-content\/uploads\/2021\/02\/2019_01_18_Schmales_Shirt_68-300x300.png 300w, http:\/\/post54.de\/wp-content\/uploads\/2021\/02\/2019_01_18_Schmales_Shirt_68-150x150.png 150w\" sizes=\"auto, (max-width: 749px) 100vw, 749px\" \/><\/figure><\/li><li class=\"blocks-gallery-item\"><figure><img loading=\"lazy\" decoding=\"async\" width=\"749\" height=\"749\" src=\"http:\/\/post54.de\/wp-content\/uploads\/2021\/02\/2019_01_20_Checkerhose_68.png\" alt=\"\" data-id=\"105\" data-link=\"http:\/\/post54.de\/?attachment_id=105#main\" class=\"wp-image-105\" srcset=\"http:\/\/post54.de\/wp-content\/uploads\/2021\/02\/2019_01_20_Checkerhose_68.png 749w, http:\/\/post54.de\/wp-content\/uploads\/2021\/02\/2019_01_20_Checkerhose_68-300x300.png 300w, http:\/\/post54.de\/wp-content\/uploads\/2021\/02\/2019_01_20_Checkerhose_68-150x150.png 150w\" sizes=\"auto, (max-width: 749px) 100vw, 749px\" \/><\/figure><\/li><li class=\"blocks-gallery-item\"><figure><img loading=\"lazy\" decoding=\"async\" width=\"729\" height=\"759\" src=\"http:\/\/post54.de\/wp-content\/uploads\/2021\/02\/1.png\" alt=\"\" data-id=\"106\" data-full-url=\"http:\/\/post54.de\/wp-content\/uploads\/2021\/02\/1.png\" data-link=\"http:\/\/post54.de\/?attachment_id=106#main\" class=\"wp-image-106\" srcset=\"http:\/\/post54.de\/wp-content\/uploads\/2021\/02\/1.png 729w, http:\/\/post54.de\/wp-content\/uploads\/2021\/02\/1-288x300.png 288w\" sizes=\"auto, (max-width: 729px) 100vw, 729px\" \/><\/figure><\/li><li class=\"blocks-gallery-item\"><figure><img loading=\"lazy\" decoding=\"async\" width=\"750\" height=\"759\" src=\"http:\/\/post54.de\/wp-content\/uploads\/2021\/02\/2.png\" alt=\"\" data-id=\"107\" data-full-url=\"http:\/\/post54.de\/wp-content\/uploads\/2021\/02\/2.png\" data-link=\"http:\/\/post54.de\/?attachment_id=107#main\" class=\"wp-image-107\" srcset=\"http:\/\/post54.de\/wp-content\/uploads\/2021\/02\/2.png 750w, http:\/\/post54.de\/wp-content\/uploads\/2021\/02\/2-296x300.png 296w\" sizes=\"auto, (max-width: 750px) 100vw, 750px\" \/><\/figure><\/li><li class=\"blocks-gallery-item\"><figure><img loading=\"lazy\" decoding=\"async\" width=\"749\" height=\"751\" src=\"http:\/\/post54.de\/wp-content\/uploads\/2021\/02\/3.png\" alt=\"\" data-id=\"109\" data-full-url=\"http:\/\/post54.de\/wp-content\/uploads\/2021\/02\/3.png\" data-link=\"http:\/\/post54.de\/?attachment_id=109#main\" class=\"wp-image-109\" srcset=\"http:\/\/post54.de\/wp-content\/uploads\/2021\/02\/3.png 749w, http:\/\/post54.de\/wp-content\/uploads\/2021\/02\/3-300x300.png 300w, http:\/\/post54.de\/wp-content\/uploads\/2021\/02\/3-150x150.png 150w\" sizes=\"auto, (max-width: 749px) 100vw, 749px\" \/><\/figure><\/li><li class=\"blocks-gallery-item\"><figure><img loading=\"lazy\" decoding=\"async\" width=\"748\" height=\"745\" src=\"http:\/\/post54.de\/wp-content\/uploads\/2021\/02\/4.png\" alt=\"\" data-id=\"110\" data-full-url=\"http:\/\/post54.de\/wp-content\/uploads\/2021\/02\/4.png\" data-link=\"http:\/\/post54.de\/?attachment_id=110#main\" class=\"wp-image-110\" srcset=\"http:\/\/post54.de\/wp-content\/uploads\/2021\/02\/4.png 748w, http:\/\/post54.de\/wp-content\/uploads\/2021\/02\/4-300x300.png 300w, http:\/\/post54.de\/wp-content\/uploads\/2021\/02\/4-150x150.png 150w\" sizes=\"auto, (max-width: 748px) 100vw, 748px\" \/><\/figure><\/li><li class=\"blocks-gallery-item\"><figure><img loading=\"lazy\" decoding=\"async\" width=\"750\" height=\"652\" src=\"http:\/\/post54.de\/wp-content\/uploads\/2021\/02\/5.png\" alt=\"\" data-id=\"111\" data-full-url=\"http:\/\/post54.de\/wp-content\/uploads\/2021\/02\/5.png\" data-link=\"http:\/\/post54.de\/?attachment_id=111#main\" class=\"wp-image-111\" srcset=\"http:\/\/post54.de\/wp-content\/uploads\/2021\/02\/5.png 750w, http:\/\/post54.de\/wp-content\/uploads\/2021\/02\/5-300x261.png 300w\" sizes=\"auto, (max-width: 750px) 100vw, 750px\" \/><\/figure><\/li><\/ul><\/figure>\n\n\n\n<p>Weitere Werke findet ihr auf Instagram unter @hosenmatzundkullerkeks<\/p>\n\n\n\n<p><\/p>\n","protected":false},"excerpt":{"rendered":"<p>Wir sind eine wilde Mischung verschiedener Charaktere mit vielf\u00e4ltigen Interessen und freuen uns, wenn wir \u00fcber diese Seite Mitdenker und Mitstreiter f\u00fcr unsere Themen finden. Lasten- und Spezialfahrr\u00e4der Unser XYZ Cargo Lastenrad ist ein Selbstbausatz und hat uns schon durch viele Abenteuer begleitet. Die elektrische Unterst\u00fctzung hilft, auch schwere Lasten voran zu bringen. Wir sind &#8230; <a title=\"Was wir tun\" class=\"read-more\" href=\"http:\/\/post54.de\/\" aria-label=\"Mehr dazu unter Was wir tun\">Weiterlesen<\/a><\/p>\n","protected":false},"author":1,"featured_media":0,"parent":0,"menu_order":0,"comment_status":"closed","ping_status":"closed","template":"","meta":{"footnotes":""},"class_list":["post-20","page","type-page","status-publish"],"_links":{"self":[{"href":"http:\/\/post54.de\/index.php?rest_route=\/wp\/v2\/pages\/20","targetHints":{"allow":["GET"]}}],"collection":[{"href":"http:\/\/post54.de\/index.php?rest_route=\/wp\/v2\/pages"}],"about":[{"href":"http:\/\/post54.de\/index.php?rest_route=\/wp\/v2\/types\/page"}],"author":[{"embeddable":true,"href":"http:\/\/post54.de\/index.php?rest_route=\/wp\/v2\/users\/1"}],"replies":[{"embeddable":true,"href":"http:\/\/post54.de\/index.php?rest_route=%2Fwp%2Fv2%2Fcomments&post=20"}],"version-history":[{"count":21,"href":"http:\/\/post54.de\/index.php?rest_route=\/wp\/v2\/pages\/20\/revisions"}],"predecessor-version":[{"id":118,"href":"http:\/\/post54.de\/index.php?rest_route=\/wp\/v2\/pages\/20\/revisions\/118"}],"wp:attachment":[{"href":"http:\/\/post54.de\/index.php?rest_route=%2Fwp%2Fv2%2Fmedia&parent=20"}],"curies":[{"name":"wp","href":"https:\/\/api.w.org\/{rel}","templated":true}]}}